{"id":2,"date":"2023-11-08T20:51:48","date_gmt":"2023-11-08T19:51:48","guid":{"rendered":"http:\/\/sartvillers.be\/?page_id=2"},"modified":"2024-02-04T20:35:04","modified_gmt":"2024-02-04T19:35:04","slug":"catechese","status":"publish","type":"page","link":"https:\/\/sartvillers.be\/index.php\/catechese\/","title":{"rendered":"Cat\u00e9ch\u00e8se"},"content":{"rendered":"\n<p>Ancr\u00e9 dans la foi chr\u00e9tienne, le service cat\u00e9ch\u00e8se de notre unit\u00e9 pastorale propose d&rsquo;indiquer des rep\u00e8res, les vivre intens\u00e9ment et laisser la libert\u00e9 \u00e0 chacun de pouvoir les d\u00e9velopper selon son c\u0153ur.&nbsp;<\/p>\n\n\n\n<p>Au cours de diverses activit\u00e9s, les enfants et les jeunes seront ainsi accompagn\u00e9s sur le chemin de la relation avec le Christ, chemin jalonn\u00e9 de diff\u00e9rentes \u00e9tapes liturgiques et qui sera parcouru avec le soutien de la communaut\u00e9.<\/p>\n\n\n\n<p>Ce parcours est ouvert aux enfants d\u00e8s l\u2019\u00e2ge de la deuxi\u00e8me ann\u00e9e primaire pour&nbsp;<strong>l\u2019\u00c9veil \u00e0 la foi,<\/strong>&nbsp;d\u00e8s l\u2019\u00e2ge de la troisi\u00e8me ann\u00e9e primaire pour la pr\u00e9paration \u00e0<strong>&nbsp;la Premi\u00e8re Communion<\/strong>&nbsp;et d\u00e8s l\u2019\u00e2ge de la quatri\u00e8me ann\u00e9e primaire pour la pr\u00e9paration \u00e0 la<strong>&nbsp;Confirmation&nbsp;(<\/strong>ce dernier parcours s\u2019\u00e9tale sur deux ans) ; puis, d\u00e8s 11 ans jusqu&rsquo;\u00e0 21 ans, les jeunes sont invit\u00e9s \u00e0 rejoindre le<em>&nbsp;\u00ab <a href=\"https:\/\/sartvillers.be\/index.php\/pole-jeunes\/\" data-type=\"page\" data-id=\"63\">p\u00f4le jeunes<\/a><\/em> <em>\u00bb&nbsp;<\/em>qui r\u00e9pondra \u00e0 leurs attentes d\u2019adolescents et de jeunes adultes.<\/p>\n\n\n\n<p>Pour tous renseignements \u00e0 propos de la cat\u00e9ch\u00e8se, vous pouvez contacter les r\u00e9f\u00e9rents du p\u00f4le cat\u00e9ch\u00e8se de notre Unit\u00e9 Pastorale&nbsp;: <\/p>\n\n\n\n<ul class=\"wp-block-list\">\n<li>l&rsquo;abb\u00e9 Pierre Sonte,&nbsp;<a href=\"mailto:sonte.akr@gmail.com\" target=\"_blank\" rel=\"noreferrer noopener\">sonte.akr@gmail.com<\/a>&nbsp;\u2013 0470 554 030<\/li>\n\n\n\n<li><strong>Bernadette Dubois<\/strong>,&nbsp;<a href=\"mailto:dedette.dubois@gmail.com\" target=\"_blank\" rel=\"noreferrer noopener\">dedette.dubois@gmail.com<\/a>&nbsp;\u2013 0494 873 044 <\/li>\n<\/ul>\n\n\n\n<p>qui dispatchent les demandes vers les cat\u00e9chistes respectifs dans vos paroisses&nbsp;<\/p>\n\n\n\n<figure class=\"wp-block-image size-full\"><img loading=\"lazy\" decoding=\"async\" width=\"800\" height=\"825\" src=\"https:\/\/sartvillers.be\/wp-content\/uploads\/2024\/02\/UP-Invitation-debut-dannee.jpg\" alt=\"\" class=\"wp-image-386\" srcset=\"https:\/\/sartvillers.be\/wp-content\/uploads\/2024\/02\/UP-Invitation-debut-dannee.jpg 800w, https:\/\/sartvillers.be\/wp-content\/uploads\/2024\/02\/UP-Invitation-debut-dannee-291x300.jpg 291w, https:\/\/sartvillers.be\/wp-content\/uploads\/2024\/02\/UP-Invitation-debut-dannee-768x792.jpg 768w\" sizes=\"auto, (max-width: 800px) 100vw, 800px\" \/><figcaption class=\"wp-element-caption\">L &#8211; 1<\/figcaption><\/figure>\n","protected":false},"excerpt":{"rendered":"<p>Ancr\u00e9 dans la foi chr\u00e9tienne, le service cat\u00e9ch\u00e8se de notre unit\u00e9 pastorale propose d&rsquo;indiquer des rep\u00e8res, les vivre intens\u00e9ment et laisser la libert\u00e9 \u00e0 chacun de pouvoir les d\u00e9velopper selon [&hellip;]<\/p>\n","protected":false},"author":1,"featured_media":0,"parent":0,"menu_order":0,"comment_status":"closed","ping_status":"closed","template":"","meta":{"_EventAllDay":false,"_EventTimezone":"","_EventStartDate":"","_EventEndDate":"","_EventStartDateUTC":"","_EventEndDateUTC":"","_EventShowMap":false,"_EventShowMapLink":false,"_EventURL":"","_EventCost":"","_EventCostDescription":"","_EventCurrencySymbol":"","_EventCurrencyCode":"","_EventCurrencyPosition":"","_EventDateTimeSeparator":"","_EventTimeRangeSeparator":"","_EventOrganizerID":[],"_EventVenueID":[],"_OrganizerEmail":"","_OrganizerPhone":"","_OrganizerWebsite":"","_VenueAddress":"","_VenueCity":"","_VenueCountry":"","_VenueProvince":"","_VenueState":"","_VenueZip":"","_VenuePhone":"","_VenueURL":"","_VenueStateProvince":"","_VenueLat":"","_VenueLng":"","_VenueShowMap":false,"_VenueShowMapLink":false,"footnotes":""},"class_list":["post-2","page","type-page","status-publish","hentry"],"_links":{"self":[{"href":"https:\/\/sartvillers.be\/index.php\/wp-json\/wp\/v2\/pages\/2","targetHints":{"allow":["GET"]}}],"collection":[{"href":"https:\/\/sartvillers.be\/index.php\/wp-json\/wp\/v2\/pages"}],"about":[{"href":"https:\/\/sartvillers.be\/index.php\/wp-json\/wp\/v2\/types\/page"}],"author":[{"embeddable":true,"href":"https:\/\/sartvillers.be\/index.php\/wp-json\/wp\/v2\/users\/1"}],"replies":[{"embeddable":true,"href":"https:\/\/sartvillers.be\/index.php\/wp-json\/wp\/v2\/comments?post=2"}],"version-history":[{"count":5,"href":"https:\/\/sartvillers.be\/index.php\/wp-json\/wp\/v2\/pages\/2\/revisions"}],"predecessor-version":[{"id":387,"href":"https:\/\/sartvillers.be\/index.php\/wp-json\/wp\/v2\/pages\/2\/revisions\/387"}],"wp:attachment":[{"href":"https:\/\/sartvillers.be\/index.php\/wp-json\/wp\/v2\/media?parent=2"}],"curies":[{"name":"wp","href":"https:\/\/api.w.org\/{rel}","templated":true}]}}