{"id":201,"date":"2023-12-07T22:31:56","date_gmt":"2023-12-07T21:31:56","guid":{"rendered":"https:\/\/sartvillers.be\/?page_id=201"},"modified":"2024-02-11T21:02:01","modified_gmt":"2024-02-11T20:02:01","slug":"sacrement","status":"publish","type":"page","link":"https:\/\/sartvillers.be\/index.php\/sacrement\/","title":{"rendered":"Sacrements"},"content":{"rendered":"\n<h2 class=\"wp-block-heading\">Le bapt\u00eame&nbsp;des enfants<\/h2>\n\n\n\n<blockquote class=\"wp-block-quote is-layout-flow wp-block-quote-is-layout-flow\">\n<p>\u00ab&nbsp;Et J\u00e9sus dit: Laissez les petits enfants, et ne les emp\u00eachez pas de venir \u00e0 moi;<br>car le royaume des cieux est pour ceux qui leur ressemblent.&nbsp;\u00bb<\/p>\n<cite>Matthieu 19, 14<\/cite><\/blockquote>\n\n\n\n<p><strong>L\u2019entr\u00e9e dans la vie chr\u00e9tienne<\/strong> passe par les trois sacrements de \u00ab&nbsp;l\u2019initiation<br>chr\u00e9tienne&nbsp;\u00bb que sont le bapt\u00eame, la confirmation et la premi\u00e8re eucharistie.<br>M\u00eame si concr\u00e8tement ils sont c\u00e9l\u00e9br\u00e9s \u00e0 plusieurs ann\u00e9es d\u2019intervalle, ils sont ensemble une suite logique, une r\u00e9alit\u00e9 que l\u2019on ne peut couper en morceaux&nbsp;: ce qui est commenc\u00e9 avec le bapt\u00eame n\u2019a pas de raison d\u2019\u00eatre interrompu.<br><strong>Vous souhaitez que votre enfant appartienne \u00e0 la grande famille des<br>enfants de Dieu&nbsp;?<\/strong><br>Alors bienvenue dans le temps de pr\u00e9paration au bapt\u00eame de votre enfant&nbsp;! Nous nous r\u00e9jouissons de pouvoir vous accompagner pour cette premi\u00e8re \u00e9tape de sa vie Chr\u00e9tienne&nbsp;!<\/p>\n\n\n\n<hr class=\"wp-block-separator has-alpha-channel-opacity\"\/>\n\n\n\n<h2 class=\"wp-block-heading\">Cat\u00e9ch\u00e8se<\/h2>\n\n\n\n<p>Plus d&rsquo;informations <a href=\"https:\/\/sartvillers.be\/index.php\/catechese\/\" data-type=\"page\" data-id=\"2\">ici<\/a><\/p>\n\n\n\n<hr class=\"wp-block-separator has-alpha-channel-opacity\"\/>\n\n\n\n<h2 class=\"wp-block-heading\">Le bapt\u00eame des adultes<\/h2>\n\n\n\n<p><strong>Il n\u2019y a pas d\u2019\u00e2ge pour devenir chr\u00e9tien.<\/strong><\/p>\n\n\n\n<blockquote class=\"wp-block-quote is-layout-flow wp-block-quote-is-layout-flow\">\n<p>\u00ab Il lui dit :&nbsp;\u00ab&nbsp;Suis moi \u00bb. L\u2019homme se leva et le suivit. \u00bb&nbsp;<\/p>\n<cite>Matthieu 9, 9<\/cite><\/blockquote>\n\n\n\n<p><strong>Le bapt\u00eame&nbsp;: entr\u00e9e dans la vie chr\u00e9tienne<\/strong>.<br>Vous souhaitez en apprendre plus sur la foi chr\u00e9tienne et peut-\u00eatre souhaitez-<br>vous recevoir le bapt\u00eame.<br>La communaut\u00e9&nbsp;paroissiale&nbsp;de Villers-la-Ville et de Sart Dames-Avelines vous<br>accueille et vous propose un&nbsp;parcours&nbsp;&nbsp;de pr\u00e9paration pour devenir chr\u00e9tien.<br>Une \u00e9quipe de&nbsp;paroissiens et un pr\u00eatre vous accueillent&nbsp;<strong>\u00e0 tout moment de<br>l\u2019ann\u00e9e<\/strong>.<br>Le&nbsp;parcours&nbsp;de pr\u00e9paration se&nbsp;d\u00e9roule&nbsp;sur une dur\u00e9e qui peut varier et qui<br>conviendra \u00e0 chacun selon son parcours personnel.<\/p>\n\n\n\n<p>A l\u2019issue de ce cheminement, vous recevrez le sacrement de&nbsp;<strong>bapt\u00eame<\/strong>, ferez<br>votre premi\u00e8re communion (<strong>eucharistie<\/strong>) et recevrez l\u2019Esprit Saint lors de<br>la&nbsp;<strong>confirmation<\/strong>.<br>Vous souhaitez en savoir plus ?&nbsp;Venez rencontrer le pr\u00eatre ou un cat\u00e9chiste<br>de la paroisse.<\/p>\n\n\n\n<hr class=\"wp-block-separator has-alpha-channel-opacity\"\/>\n\n\n\n<h2 class=\"wp-block-heading\">Pr\u00e9paration au Mariage<\/h2>\n\n\n\n<blockquote class=\"wp-block-quote is-layout-flow wp-block-quote-is-layout-flow\">\n<p>\u00ab&nbsp;Vivre ensemble est un art, un cheminement patient, beau et fascinant. Cela ne se termine pas une fois que vous vous \u00eates conquis l\u2019un l\u2019autre\u2026 Au contraire, c\u2019est justement \u00e0 ce moment que \u00e7a commence !&nbsp;\u00bb <\/p>\n<cite>Pape Fran\u00e7ois<\/cite><\/blockquote>\n\n\n\n<p>Vous d\u00e9sirez vous marier \u00e0 l\u2019Eglise ?<\/p>\n\n\n\n<p>Nous nous r\u00e9jouissons&nbsp;avec vous et nous serons heureux de vous accompagner sur ce chemin&nbsp;!<br>La pr\u00e9paration au mariage se d\u00e9roule sur&nbsp;<strong>une ann\u00e9e<\/strong>&nbsp;pour vous aider \u00e0 poser ou \u00e0 consolider les fondations de votre couple.<\/p>\n\n\n\n<p>Elle comporte trois \u00e9l\u00e9ments :<\/p>\n\n\n\n<ol class=\"wp-block-list\">\n<li>Une participation au \u00ab Parcours de Pr\u00e9paration au Mariage \u00bb, lors d&rsquo;un week-end hors du temps pour vous concentrer sur votre couple, aux dates pr\u00e9vues par le vicariat. Plus d&rsquo;informations et les dates <a href=\"https:\/\/couplesetfamillesbw.be\/bienvenue\/contact\/\">ici<\/a>.<\/li>\n\n\n\n<li>Un accompagnement avec un couple accompagnateur.<\/li>\n\n\n\n<li>La pr\u00e9paration de la c\u00e9l\u00e9bration du mariage avec le pr\u00eatre ou le diacre qui la pr\u00e9sidera.<\/li>\n<\/ol>\n\n\n\n<p>Pour suivre le \u00ab\u00a0Parcours de Pr\u00e9paration au Mariage \u00bb,\u00a0nous vous invitons \u00e0 remplir le\u00a0formulaire de contact (voir <a href=\"https:\/\/sartvillers.be\/index.php\/documents-utiles\/\" data-type=\"page\" data-id=\"44\">documents utiles<\/a>) suffisamment en avance. Un couple accompagnateur vous contactera ensuite pour finaliser votre inscription\u2026<\/p>\n\n\n\n<hr class=\"wp-block-separator has-alpha-channel-opacity\"\/>\n\n\n\n<h2 class=\"wp-block-heading\">La confirmation des adultes<\/h2>\n\n\n\n<p>La confirmation est un sacrement de l\u2019Initiation chr\u00e9tienne qui fait de nous des<br>adultes dans la foi.<br>Certains n\u2019ont pas re\u00e7u ce sacrement, c\u2019est peut-\u00eatre votre cas. Il n\u2019est jamais<br>trop tard pour recevoir ce sacrement par lequel l\u2019Esprit Saint nous conduit sur le chemin de la mission.<\/p>\n","protected":false},"excerpt":{"rendered":"<p>Le bapt\u00eame&nbsp;des enfants \u00ab&nbsp;Et J\u00e9sus dit: Laissez les petits enfants, et ne les emp\u00eachez pas de venir \u00e0 moi;car le royaume des cieux est pour ceux qui leur ressemblent.&nbsp;\u00bb Matthieu [&hellip;]<\/p>\n","protected":false},"author":3,"featured_media":0,"parent":0,"menu_order":0,"comment_status":"closed","ping_status":"closed","template":"","meta":{"_EventAllDay":false,"_EventTimezone":"","_EventStartDate":"","_EventEndDate":"","_EventStartDateUTC":"","_EventEndDateUTC":"","_EventShowMap":false,"_EventShowMapLink":false,"_EventURL":"","_EventCost":"","_EventCostDescription":"","_EventCurrencySymbol":"","_EventCurrencyCode":"","_EventCurrencyPosition":"","_EventDateTimeSeparator":"","_EventTimeRangeSeparator":"","_EventOrganizerID":[],"_EventVenueID":[],"_OrganizerEmail":"","_OrganizerPhone":"","_OrganizerWebsite":"","_VenueAddress":"","_VenueCity":"","_VenueCountry":"","_VenueProvince":"","_VenueState":"","_VenueZip":"","_VenuePhone":"","_VenueURL":"","_VenueStateProvince":"","_VenueLat":"","_VenueLng":"","_VenueShowMap":false,"_VenueShowMapLink":false,"footnotes":""},"class_list":["post-201","page","type-page","status-publish","hentry"],"_links":{"self":[{"href":"https:\/\/sartvillers.be\/index.php\/wp-json\/wp\/v2\/pages\/201","targetHints":{"allow":["GET"]}}],"collection":[{"href":"https:\/\/sartvillers.be\/index.php\/wp-json\/wp\/v2\/pages"}],"about":[{"href":"https:\/\/sartvillers.be\/index.php\/wp-json\/wp\/v2\/types\/page"}],"author":[{"embeddable":true,"href":"https:\/\/sartvillers.be\/index.php\/wp-json\/wp\/v2\/users\/3"}],"replies":[{"embeddable":true,"href":"https:\/\/sartvillers.be\/index.php\/wp-json\/wp\/v2\/comments?post=201"}],"version-history":[{"count":8,"href":"https:\/\/sartvillers.be\/index.php\/wp-json\/wp\/v2\/pages\/201\/revisions"}],"predecessor-version":[{"id":395,"href":"https:\/\/sartvillers.be\/index.php\/wp-json\/wp\/v2\/pages\/201\/revisions\/395"}],"wp:attachment":[{"href":"https:\/\/sartvillers.be\/index.php\/wp-json\/wp\/v2\/media?parent=201"}],"curies":[{"name":"wp","href":"https:\/\/api.w.org\/{rel}","templated":true}]}}