{"id":27,"date":"2023-11-11T11:08:07","date_gmt":"2023-11-11T10:08:07","guid":{"rendered":"https:\/\/sartvillers.be\/?page_id=27"},"modified":"2023-12-24T11:37:42","modified_gmt":"2023-12-24T10:37:42","slug":"priere-de-taize","status":"publish","type":"page","link":"https:\/\/sartvillers.be\/index.php\/priere-de-taize\/","title":{"rendered":"Pri\u00e8re de Taiz\u00e9"},"content":{"rendered":"\n<p>La pri\u00e8re du chant est une des expressions les plus essentielles de la<br>recherche de Dieu. Des chants brefs, repris longuement, en soulignent le<br>caract\u00e8re m\u00e9ditatif. R\u00e9p\u00e9t\u00e9e \u00e0 l\u2019infini, cette pri\u00e8re chant\u00e9e est peu \u00e0 peu<br>int\u00e9rioris\u00e9e par toute la personne. Et ces chants simples permettent ensuite<br>de prier seul \u00e0 tout moment, de jour comme de nuit, parfois dans le silence<br>du c\u0153ur.<\/p>\n\n\n\n<blockquote class=\"wp-block-quote is-layout-flow wp-block-quote-is-layout-flow\">\n<p>\u00ab&nbsp;Mon \u00e2me se repose en paix sur Dieu seul&nbsp;: de Lui vient mon salut. Oui, sur<br>Dieu seul mon \u00e2me se repose, se repose en paix.&nbsp;\u00bb<\/p>\n<cite>Taiz\u00e9<\/cite><\/blockquote>\n\n\n\n<div class=\"wp-block-cover\" style=\"min-height:366px;aspect-ratio:unset;\"><span aria-hidden=\"true\" class=\"wp-block-cover__background has-background-dim\"><\/span><div class=\"wp-block-cover__inner-container is-layout-flow wp-block-cover-is-layout-flow\">\n<div class=\"wp-block-group has-global-padding is-layout-constrained wp-block-group-is-layout-constrained\">\n<figure class=\"wp-block-pullquote\"><blockquote><p>Notre Dame de la Visitation de Villers-la-Ville<br>tous les 3\u00e8me vendredi du mois de 18h30 \u00e0 19h45.<\/p><\/blockquote><\/figure>\n<\/div>\n<\/div><\/div>\n\n\n\n<figure class=\"wp-block-image size-full\"><img loading=\"lazy\" decoding=\"async\" width=\"786\" height=\"604\" src=\"https:\/\/sartvillers.be\/wp-content\/uploads\/2023\/12\/Taize.jpg\" alt=\"\" class=\"wp-image-211\" srcset=\"https:\/\/sartvillers.be\/wp-content\/uploads\/2023\/12\/Taize.jpg 786w, https:\/\/sartvillers.be\/wp-content\/uploads\/2023\/12\/Taize-300x231.jpg 300w, https:\/\/sartvillers.be\/wp-content\/uploads\/2023\/12\/Taize-768x590.jpg 768w\" sizes=\"auto, (max-width: 786px) 100vw, 786px\" \/><\/figure>\n","protected":false},"excerpt":{"rendered":"<p>La pri\u00e8re du chant est une des expressions les plus essentielles de larecherche de Dieu. Des chants brefs, repris longuement, en soulignent lecaract\u00e8re m\u00e9ditatif. R\u00e9p\u00e9t\u00e9e \u00e0 l\u2019infini, cette pri\u00e8re chant\u00e9e [&hellip;]<\/p>\n","protected":false},"author":1,"featured_media":0,"parent":0,"menu_order":0,"comment_status":"closed","ping_status":"closed","template":"","meta":{"_EventAllDay":false,"_EventTimezone":"","_EventStartDate":"","_EventEndDate":"","_EventStartDateUTC":"","_EventEndDateUTC":"","_EventShowMap":false,"_EventShowMapLink":false,"_EventURL":"","_EventCost":"","_EventCostDescription":"","_EventCurrencySymbol":"","_EventCurrencyCode":"","_EventCurrencyPosition":"","_EventDateTimeSeparator":"","_EventTimeRangeSeparator":"","_EventOrganizerID":[],"_EventVenueID":[],"_OrganizerEmail":"","_OrganizerPhone":"","_OrganizerWebsite":"","_VenueAddress":"","_VenueCity":"","_VenueCountry":"","_VenueProvince":"","_VenueState":"","_VenueZip":"","_VenuePhone":"","_VenueURL":"","_VenueStateProvince":"","_VenueLat":"","_VenueLng":"","_VenueShowMap":false,"_VenueShowMapLink":false,"footnotes":""},"class_list":["post-27","page","type-page","status-publish","hentry"],"_links":{"self":[{"href":"https:\/\/sartvillers.be\/index.php\/wp-json\/wp\/v2\/pages\/27","targetHints":{"allow":["GET"]}}],"collection":[{"href":"https:\/\/sartvillers.be\/index.php\/wp-json\/wp\/v2\/pages"}],"about":[{"href":"https:\/\/sartvillers.be\/index.php\/wp-json\/wp\/v2\/types\/page"}],"author":[{"embeddable":true,"href":"https:\/\/sartvillers.be\/index.php\/wp-json\/wp\/v2\/users\/1"}],"replies":[{"embeddable":true,"href":"https:\/\/sartvillers.be\/index.php\/wp-json\/wp\/v2\/comments?post=27"}],"version-history":[{"count":8,"href":"https:\/\/sartvillers.be\/index.php\/wp-json\/wp\/v2\/pages\/27\/revisions"}],"predecessor-version":[{"id":219,"href":"https:\/\/sartvillers.be\/index.php\/wp-json\/wp\/v2\/pages\/27\/revisions\/219"}],"wp:attachment":[{"href":"https:\/\/sartvillers.be\/index.php\/wp-json\/wp\/v2\/media?parent=27"}],"curies":[{"name":"wp","href":"https:\/\/api.w.org\/{rel}","templated":true}]}}