{"id":30,"date":"2023-11-11T11:08:43","date_gmt":"2023-11-11T10:08:43","guid":{"rendered":"https:\/\/sartvillers.be\/?page_id=30"},"modified":"2025-09-11T21:07:25","modified_gmt":"2025-09-11T19:07:25","slug":"horaires","status":"publish","type":"page","link":"https:\/\/sartvillers.be\/index.php\/horaires\/","title":{"rendered":"Horaires des c\u00e9l\u00e9brations"},"content":{"rendered":"\n<h2 class=\"wp-block-heading has-text-align-center\">Messe dominicale<\/h2>\n\n\n\n<p>Chaque <strong>samedi \u00e0 18h<\/strong> \u00e0 l&rsquo;\u00e9glise Notre-Dame de la Visitation \u00e0 <strong>Villers-la-ville<\/strong><\/p>\n\n\n\n<p>Chaque <strong>dimanche \u00e0 10h<\/strong>, en alternance \u00e0 l&rsquo;\u00e9glise Saint-Nicolas \u00e0 <strong>Sart-Dame-Avelines<\/strong> (semaine impaire) et \u00e0 l&rsquo;\u00e9glise Notre-Dame de la Visitation \u00e0 <strong>Villers-la-Ville<\/strong> (semaine paire).<\/p>\n\n\n\n<p>Pour plus de commodit\u00e9, les messes dominicales et leur emplacement sont reprises \u00e9galement dans l&rsquo;<a href=\"https:\/\/sartvillers.be\/index.php\/agenda-paroissial\/\" data-type=\"page\" data-id=\"154\">agenda paroissial<\/a>.<\/p>\n\n\n\n<hr class=\"wp-block-separator has-alpha-channel-opacity\"\/>\n\n\n\n<h2 class=\"wp-block-heading has-text-align-center\">Messe des jeunes<\/h2>\n\n\n\n<p><strong>Chaque premier samedi du mois<\/strong>, une messe est propos\u00e9e \u00e0 destination des jeunes, <strong>\u00e0 18h00<\/strong> \u00e0 l&rsquo;\u00e9glise Notre-Dame de la Visitation<strong> \u00e0 Villers-la-Ville<\/strong>.<br>Des jeunes contribuent \u00e0 l\u2019animation des chants, aux lectures et \u00e0 tous les services de la messe. La parole du pr\u00eatre est plus particuli\u00e8rement destin\u00e9e \u00e0 ce public.<\/p>\n\n\n\n<p>Contacts&nbsp;:<\/p>\n\n\n\n<p>Marielle de FOY marielle.defoy@gmail.com<br>Marie- Sophie Van KERCKHOVEN marie-sophie.vk@hotmail.com<\/p>\n\n\n\n<hr class=\"wp-block-separator has-alpha-channel-opacity\"\/>\n\n\n\n<p><\/p>\n\n\n\n<h2 class=\"wp-block-heading has-text-align-center\">Messes de semaine et autres c\u00e9l\u00e9brations r\u00e9currentes<\/h2>\n\n\n\n<p>Chaque <strong>mardi \u00e0 18h messe<\/strong> \u00e0 l&rsquo;\u00e9glise Saint-Nicolas \u00e0 <strong>Sart-Dame-Avelines<\/strong><\/p>\n\n\n\n<p>Chaque <strong>vendredi \u00e0 10h messe<\/strong> \u00e0 l&rsquo;\u00e9glise Notre-Dame de la Visitation \u00e0 <strong>Villers-la-ville<\/strong><\/p>\n\n\n\n<p>Chaque <strong>samedi \u00e0 17h30 adoration eucharistique<\/strong> \u00e0 l&rsquo;\u00e9glise Notre-Dame de la Visitation \u00e0 <strong>Villers-la-ville<\/strong> (suivie de la messe dominicale anticip\u00e9e)<\/p>\n","protected":false},"excerpt":{"rendered":"<p>Messe dominicale Chaque samedi \u00e0 18h \u00e0 l&rsquo;\u00e9glise Notre-Dame de la Visitation \u00e0 Villers-la-ville Chaque dimanche \u00e0 10h, en alternance \u00e0 l&rsquo;\u00e9glise Saint-Nicolas \u00e0 Sart-Dame-Avelines (semaine impaire) et \u00e0 l&rsquo;\u00e9glise [&hellip;]<\/p>\n","protected":false},"author":1,"featured_media":0,"parent":0,"menu_order":0,"comment_status":"closed","ping_status":"closed","template":"","meta":{"_EventAllDay":false,"_EventTimezone":"","_EventStartDate":"","_EventEndDate":"","_EventStartDateUTC":"","_EventEndDateUTC":"","_EventShowMap":false,"_EventShowMapLink":false,"_EventURL":"","_EventCost":"","_EventCostDescription":"","_EventCurrencySymbol":"","_EventCurrencyCode":"","_EventCurrencyPosition":"","_EventDateTimeSeparator":"","_EventTimeRangeSeparator":"","_EventOrganizerID":[],"_EventVenueID":[],"_OrganizerEmail":"","_OrganizerPhone":"","_OrganizerWebsite":"","_VenueAddress":"","_VenueCity":"","_VenueCountry":"","_VenueProvince":"","_VenueState":"","_VenueZip":"","_VenuePhone":"","_VenueURL":"","_VenueStateProvince":"","_VenueLat":"","_VenueLng":"","_VenueShowMap":false,"_VenueShowMapLink":false,"footnotes":""},"class_list":["post-30","page","type-page","status-publish","hentry"],"_links":{"self":[{"href":"https:\/\/sartvillers.be\/index.php\/wp-json\/wp\/v2\/pages\/30","targetHints":{"allow":["GET"]}}],"collection":[{"href":"https:\/\/sartvillers.be\/index.php\/wp-json\/wp\/v2\/pages"}],"about":[{"href":"https:\/\/sartvillers.be\/index.php\/wp-json\/wp\/v2\/types\/page"}],"author":[{"embeddable":true,"href":"https:\/\/sartvillers.be\/index.php\/wp-json\/wp\/v2\/users\/1"}],"replies":[{"embeddable":true,"href":"https:\/\/sartvillers.be\/index.php\/wp-json\/wp\/v2\/comments?post=30"}],"version-history":[{"count":18,"href":"https:\/\/sartvillers.be\/index.php\/wp-json\/wp\/v2\/pages\/30\/revisions"}],"predecessor-version":[{"id":609,"href":"https:\/\/sartvillers.be\/index.php\/wp-json\/wp\/v2\/pages\/30\/revisions\/609"}],"wp:attachment":[{"href":"https:\/\/sartvillers.be\/index.php\/wp-json\/wp\/v2\/media?parent=30"}],"curies":[{"name":"wp","href":"https:\/\/api.w.org\/{rel}","templated":true}]}}