{"id":44,"date":"2023-11-20T22:02:00","date_gmt":"2023-11-20T21:02:00","guid":{"rendered":"https:\/\/sartvillers.be\/?page_id=44"},"modified":"2023-12-07T22:33:56","modified_gmt":"2023-12-07T21:33:56","slug":"documents-utiles","status":"publish","type":"page","link":"https:\/\/sartvillers.be\/index.php\/documents-utiles\/","title":{"rendered":"Documents utiles"},"content":{"rendered":"\n<p>En cours de construction. <\/p>\n\n\n\n<p>En attendant la mise \u00e0 disposition des diff\u00e9rents documents sur ce site, n&rsquo;h\u00e9sitez pas \u00e0 nous <a href=\"https:\/\/sartvillers.be\/index.php\/contact\/\" data-type=\"page\" data-id=\"32\">contacter en direct<\/a>.<\/p>\n","protected":false},"excerpt":{"rendered":"<p>En cours de construction. En attendant la mise \u00e0 disposition des diff\u00e9rents documents sur ce site, n&rsquo;h\u00e9sitez pas \u00e0 nous contacter en direct.<\/p>\n","protected":false},"author":1,"featured_media":0,"parent":0,"menu_order":0,"comment_status":"closed","ping_status":"closed","template":"","meta":{"_EventAllDay":false,"_EventTimezone":"","_EventStartDate":"","_EventEndDate":"","_EventStartDateUTC":"","_EventEndDateUTC":"","_EventShowMap":false,"_EventShowMapLink":false,"_EventURL":"","_EventCost":"","_EventCostDescription":"","_EventCurrencySymbol":"","_EventCurrencyCode":"","_EventCurrencyPosition":"","_EventDateTimeSeparator":"","_EventTimeRangeSeparator":"","_EventOrganizerID":[],"_EventVenueID":[],"_OrganizerEmail":"","_OrganizerPhone":"","_OrganizerWebsite":"","_VenueAddress":"","_VenueCity":"","_VenueCountry":"","_VenueProvince":"","_VenueState":"","_VenueZip":"","_VenuePhone":"","_VenueURL":"","_VenueStateProvince":"","_VenueLat":"","_VenueLng":"","_VenueShowMap":false,"_VenueShowMapLink":false,"footnotes":""},"class_list":["post-44","page","type-page","status-publish","hentry"],"_links":{"self":[{"href":"https:\/\/sartvillers.be\/index.php\/wp-json\/wp\/v2\/pages\/44","targetHints":{"allow":["GET"]}}],"collection":[{"href":"https:\/\/sartvillers.be\/index.php\/wp-json\/wp\/v2\/pages"}],"about":[{"href":"https:\/\/sartvillers.be\/index.php\/wp-json\/wp\/v2\/types\/page"}],"author":[{"embeddable":true,"href":"https:\/\/sartvillers.be\/index.php\/wp-json\/wp\/v2\/users\/1"}],"replies":[{"embeddable":true,"href":"https:\/\/sartvillers.be\/index.php\/wp-json\/wp\/v2\/comments?post=44"}],"version-history":[{"count":3,"href":"https:\/\/sartvillers.be\/index.php\/wp-json\/wp\/v2\/pages\/44\/revisions"}],"predecessor-version":[{"id":204,"href":"https:\/\/sartvillers.be\/index.php\/wp-json\/wp\/v2\/pages\/44\/revisions\/204"}],"wp:attachment":[{"href":"https:\/\/sartvillers.be\/index.php\/wp-json\/wp\/v2\/media?parent=44"}],"curies":[{"name":"wp","href":"https:\/\/api.w.org\/{rel}","templated":true}]}}