{"id":57,"date":"2023-12-03T09:49:20","date_gmt":"2023-12-03T08:49:20","guid":{"rendered":"https:\/\/sartvillers.be\/?page_id=57"},"modified":"2023-12-24T12:07:45","modified_gmt":"2023-12-24T11:07:45","slug":"vie-paroissiale","status":"publish","type":"page","link":"https:\/\/sartvillers.be\/index.php\/vie-paroissiale\/","title":{"rendered":"Vie paroissiale"},"content":{"rendered":"\n<p>Vous trouverez ici les renseignements utiles pour la vie quotidienne dans nos paroisses.<\/p>\n\n\n\n<p><a href=\"https:\/\/sartvillers.be\/index.php\/unite-paroissiale\/\" data-type=\"page\" data-id=\"59\">Unit\u00e9 pastorale<\/a> (nos paroisses s&rsquo;inscrivent au sein d&rsquo;une unit\u00e9 pastorale, d\u00e9couvrez sur cette page les explications)<\/p>\n\n\n\n<p><a href=\"https:\/\/sartvillers.be\/index.php\/horaires\/\" data-type=\"page\" data-id=\"30\">Horaire des c\u00e9l\u00e9brations <\/a>(horaire des messes et autres c\u00e9l\u00e9brations r\u00e9currentes)<\/p>\n\n\n\n<p><a href=\"https:\/\/sartvillers.be\/index.php\/catechese\/\" data-type=\"page\" data-id=\"2\">Cat\u00e9ch\u00e8se<\/a> (pour en savoir plus sur l&rsquo;initiation \u00e0 la vie chr\u00e9tienne et le chemin vers l&rsquo;eucharistie et la confirmation)<\/p>\n\n\n\n<p><a href=\"https:\/\/sartvillers.be\/index.php\/pole-jeunes\/\" data-type=\"page\" data-id=\"63\">P\u00f4le jeunes<\/a> (les jeunes confirm\u00e9s bougent sur Villers-la-Ville, d\u00e9couvrez en plus sur cette page)<\/p>\n\n\n\n<p><a href=\"https:\/\/sartvillers.be\/index.php\/priere-de-taize\/\" data-type=\"page\" data-id=\"27\">Pri\u00e8re de Taiz\u00e9<\/a> (rencontre p\u00e9riodique autour de la pri\u00e8re du chant)<\/p>\n","protected":false},"excerpt":{"rendered":"<p>Vous trouverez ici les renseignements utiles pour la vie quotidienne dans nos paroisses. Unit\u00e9 pastorale (nos paroisses s&rsquo;inscrivent au sein d&rsquo;une unit\u00e9 pastorale, d\u00e9couvrez sur cette page les explications) Horaire [&hellip;]<\/p>\n","protected":false},"author":1,"featured_media":0,"parent":0,"menu_order":0,"comment_status":"closed","ping_status":"closed","template":"","meta":{"_EventAllDay":false,"_EventTimezone":"","_EventStartDate":"","_EventEndDate":"","_EventStartDateUTC":"","_EventEndDateUTC":"","_EventShowMap":false,"_EventShowMapLink":false,"_EventURL":"","_EventCost":"","_EventCostDescription":"","_EventCurrencySymbol":"","_EventCurrencyCode":"","_EventCurrencyPosition":"","_EventDateTimeSeparator":"","_EventTimeRangeSeparator":"","_EventOrganizerID":[],"_EventVenueID":[],"_OrganizerEmail":"","_OrganizerPhone":"","_OrganizerWebsite":"","_VenueAddress":"","_VenueCity":"","_VenueCountry":"","_VenueProvince":"","_VenueState":"","_VenueZip":"","_VenuePhone":"","_VenueURL":"","_VenueStateProvince":"","_VenueLat":"","_VenueLng":"","_VenueShowMap":false,"_VenueShowMapLink":false,"footnotes":""},"class_list":["post-57","page","type-page","status-publish","hentry"],"_links":{"self":[{"href":"https:\/\/sartvillers.be\/index.php\/wp-json\/wp\/v2\/pages\/57","targetHints":{"allow":["GET"]}}],"collection":[{"href":"https:\/\/sartvillers.be\/index.php\/wp-json\/wp\/v2\/pages"}],"about":[{"href":"https:\/\/sartvillers.be\/index.php\/wp-json\/wp\/v2\/types\/page"}],"author":[{"embeddable":true,"href":"https:\/\/sartvillers.be\/index.php\/wp-json\/wp\/v2\/users\/1"}],"replies":[{"embeddable":true,"href":"https:\/\/sartvillers.be\/index.php\/wp-json\/wp\/v2\/comments?post=57"}],"version-history":[{"count":5,"href":"https:\/\/sartvillers.be\/index.php\/wp-json\/wp\/v2\/pages\/57\/revisions"}],"predecessor-version":[{"id":327,"href":"https:\/\/sartvillers.be\/index.php\/wp-json\/wp\/v2\/pages\/57\/revisions\/327"}],"wp:attachment":[{"href":"https:\/\/sartvillers.be\/index.php\/wp-json\/wp\/v2\/media?parent=57"}],"curies":[{"name":"wp","href":"https:\/\/api.w.org\/{rel}","templated":true}]}}