{"id":59,"date":"2023-12-03T09:48:59","date_gmt":"2023-12-03T08:48:59","guid":{"rendered":"https:\/\/sartvillers.be\/?page_id=59"},"modified":"2023-12-07T23:06:00","modified_gmt":"2023-12-07T22:06:00","slug":"unite-paroissiale","status":"publish","type":"page","link":"https:\/\/sartvillers.be\/index.php\/unite-paroissiale\/","title":{"rendered":"Unit\u00e9 pastorale"},"content":{"rendered":"\n<figure class=\"wp-block-image size-large\"><img loading=\"lazy\" decoding=\"async\" width=\"1024\" height=\"674\" src=\"https:\/\/sartvillers.be\/wp-content\/uploads\/2023\/12\/eglises-UP-1024x674.jpg\" alt=\"\" class=\"wp-image-227\" srcset=\"https:\/\/sartvillers.be\/wp-content\/uploads\/2023\/12\/eglises-UP-1024x674.jpg 1024w, https:\/\/sartvillers.be\/wp-content\/uploads\/2023\/12\/eglises-UP-300x197.jpg 300w, https:\/\/sartvillers.be\/wp-content\/uploads\/2023\/12\/eglises-UP-768x505.jpg 768w, https:\/\/sartvillers.be\/wp-content\/uploads\/2023\/12\/eglises-UP.jpg 1524w\" sizes=\"auto, (max-width: 1024px) 100vw, 1024px\" \/><\/figure>\n\n\n\n<p>L\u2019Unit\u00e9 pastorale comprend les paroisses suivantes&nbsp;:<\/p>\n\n\n\n<ul class=\"wp-block-list\">\n<li>Saint-Martin (Marbais)<\/li>\n\n\n\n<li>Notre-Dame (Marbisoux)<\/li>\n\n\n\n<li>Saint-Laurent (Mellery)<\/li>\n\n\n\n<li>Saint-Nicolas (Sart-Dames-Avelines)<\/li>\n\n\n\n<li>Notre-Dame des Afflig\u00e9s (Tilly)<\/li>\n\n\n\n<li>Notre-Dame de la Visitation (Villers-la-Ville)<\/li>\n<\/ul>\n\n\n\n<p>Sa mission pastorale se d\u00e9cline autour des p\u00f4les suivants&nbsp;:<\/p>\n\n\n\n<ul class=\"wp-block-list\">\n<li>p\u00f4le <a href=\"https:\/\/sartvillers.be\/index.php\/page-d-exemple\/\" data-type=\"page\" data-id=\"2\">Cat\u00e9ch\u00e8se<\/a><\/li>\n\n\n\n<li>p\u00f4le <a href=\"https:\/\/sartvillers.be\/index.php\/pole-jeunes\/\" data-type=\"page\" data-id=\"63\">Jeunes<\/a><\/li>\n\n\n\n<li>p\u00f4le Sant\u00e9<\/li>\n\n\n\n<li>p\u00f4le Solidarit\u00e9<\/li>\n\n\n\n<li>p\u00f4le Communication<\/li>\n<\/ul>\n\n\n\n<hr class=\"wp-block-separator has-alpha-channel-opacity\"\/>\n\n\n\n<p>Pour d\u00e9couvrir l\u2019Unit\u00e9 pastorale&nbsp;:<\/p>\n\n\n\n<ul class=\"wp-block-list\">\n<li>lisez&nbsp;sa&nbsp;<a href=\"https:\/\/www.bwcatho.be\/wp-content\/uploads\/2020\/10\/charte_villers-la-ville_2019.pdf\" target=\"_blank\" rel=\"noreferrer noopener\">charte<\/a>&nbsp;(2019)<\/li>\n<\/ul>\n\n\n\n<p><\/p>\n","protected":false},"excerpt":{"rendered":"<p>L\u2019Unit\u00e9 pastorale comprend les paroisses suivantes&nbsp;: Sa mission pastorale se d\u00e9cline autour des p\u00f4les suivants&nbsp;: Pour d\u00e9couvrir l\u2019Unit\u00e9 pastorale&nbsp;:<\/p>\n","protected":false},"author":1,"featured_media":0,"parent":0,"menu_order":0,"comment_status":"closed","ping_status":"closed","template":"","meta":{"_EventAllDay":false,"_EventTimezone":"","_EventStartDate":"","_EventEndDate":"","_EventStartDateUTC":"","_EventEndDateUTC":"","_EventShowMap":false,"_EventShowMapLink":false,"_EventURL":"","_EventCost":"","_EventCostDescription":"","_EventCurrencySymbol":"","_EventCurrencyCode":"","_EventCurrencyPosition":"","_EventDateTimeSeparator":"","_EventTimeRangeSeparator":"","_EventOrganizerID":[],"_EventVenueID":[],"_OrganizerEmail":"","_OrganizerPhone":"","_OrganizerWebsite":"","_VenueAddress":"","_VenueCity":"","_VenueCountry":"","_VenueProvince":"","_VenueState":"","_VenueZip":"","_VenuePhone":"","_VenueURL":"","_VenueStateProvince":"","_VenueLat":"","_VenueLng":"","_VenueShowMap":false,"_VenueShowMapLink":false,"footnotes":""},"class_list":["post-59","page","type-page","status-publish","hentry"],"_links":{"self":[{"href":"https:\/\/sartvillers.be\/index.php\/wp-json\/wp\/v2\/pages\/59","targetHints":{"allow":["GET"]}}],"collection":[{"href":"https:\/\/sartvillers.be\/index.php\/wp-json\/wp\/v2\/pages"}],"about":[{"href":"https:\/\/sartvillers.be\/index.php\/wp-json\/wp\/v2\/types\/page"}],"author":[{"embeddable":true,"href":"https:\/\/sartvillers.be\/index.php\/wp-json\/wp\/v2\/users\/1"}],"replies":[{"embeddable":true,"href":"https:\/\/sartvillers.be\/index.php\/wp-json\/wp\/v2\/comments?post=59"}],"version-history":[{"count":7,"href":"https:\/\/sartvillers.be\/index.php\/wp-json\/wp\/v2\/pages\/59\/revisions"}],"predecessor-version":[{"id":229,"href":"https:\/\/sartvillers.be\/index.php\/wp-json\/wp\/v2\/pages\/59\/revisions\/229"}],"wp:attachment":[{"href":"https:\/\/sartvillers.be\/index.php\/wp-json\/wp\/v2\/media?parent=59"}],"curies":[{"name":"wp","href":"https:\/\/api.w.org\/{rel}","templated":true}]}}