{"id":63,"date":"2023-12-03T10:36:20","date_gmt":"2023-12-03T09:36:20","guid":{"rendered":"https:\/\/sartvillers.be\/?page_id=63"},"modified":"2024-01-09T19:44:40","modified_gmt":"2024-01-09T18:44:40","slug":"pole-jeunes","status":"publish","type":"page","link":"https:\/\/sartvillers.be\/index.php\/pole-jeunes\/","title":{"rendered":"P\u00f4le jeunes"},"content":{"rendered":"\n<p>Voici ci-dessous ce qu&rsquo;est le p\u00f4le jeunes en quelques mots.<\/p>\n\n\n\n<p>Si vous voulez en savoir plus, n&rsquo;h\u00e9sitez pas \u00e0 contacter Julien, coordinateur du P\u00f4le jeunes \u00e0 l&rsquo;adresse <a href=\"mailto:jeuneskato1495@gmail.com\" target=\"_blank\" rel=\"noreferrer noopener\">jeuneskato1495@gmail.com<\/a><\/p>\n\n\n\n<figure class=\"wp-block-image size-large\"><img loading=\"lazy\" decoding=\"async\" width=\"709\" height=\"1024\" src=\"https:\/\/sartvillers.be\/wp-content\/uploads\/2024\/01\/Visuel-Pole-jeunes-VLV-709x1024.png\" alt=\"\" class=\"wp-image-357\" srcset=\"https:\/\/sartvillers.be\/wp-content\/uploads\/2024\/01\/Visuel-Pole-jeunes-VLV-709x1024.png 709w, https:\/\/sartvillers.be\/wp-content\/uploads\/2024\/01\/Visuel-Pole-jeunes-VLV-208x300.png 208w, https:\/\/sartvillers.be\/wp-content\/uploads\/2024\/01\/Visuel-Pole-jeunes-VLV-768x1109.png 768w, https:\/\/sartvillers.be\/wp-content\/uploads\/2024\/01\/Visuel-Pole-jeunes-VLV-1064x1536.png 1064w, https:\/\/sartvillers.be\/wp-content\/uploads\/2024\/01\/Visuel-Pole-jeunes-VLV-1419x2048.png 1419w\" sizes=\"auto, (max-width: 709px) 100vw, 709px\" \/><\/figure>\n","protected":false},"excerpt":{"rendered":"<p>Voici ci-dessous ce qu&rsquo;est le p\u00f4le jeunes en quelques mots. Si vous voulez en savoir plus, n&rsquo;h\u00e9sitez pas \u00e0 contacter Julien, coordinateur du P\u00f4le jeunes \u00e0 l&rsquo;adresse jeuneskato1495@gmail.com<\/p>\n","protected":false},"author":1,"featured_media":0,"parent":0,"menu_order":0,"comment_status":"closed","ping_status":"closed","template":"","meta":{"_EventAllDay":false,"_EventTimezone":"","_EventStartDate":"","_EventEndDate":"","_EventStartDateUTC":"","_EventEndDateUTC":"","_EventShowMap":false,"_EventShowMapLink":false,"_EventURL":"","_EventCost":"","_EventCostDescription":"","_EventCurrencySymbol":"","_EventCurrencyCode":"","_EventCurrencyPosition":"","_EventDateTimeSeparator":"","_EventTimeRangeSeparator":"","_EventOrganizerID":[],"_EventVenueID":[],"_OrganizerEmail":"","_OrganizerPhone":"","_OrganizerWebsite":"","_VenueAddress":"","_VenueCity":"","_VenueCountry":"","_VenueProvince":"","_VenueState":"","_VenueZip":"","_VenuePhone":"","_VenueURL":"","_VenueStateProvince":"","_VenueLat":"","_VenueLng":"","_VenueShowMap":false,"_VenueShowMapLink":false,"footnotes":""},"class_list":["post-63","page","type-page","status-publish","hentry"],"_links":{"self":[{"href":"https:\/\/sartvillers.be\/index.php\/wp-json\/wp\/v2\/pages\/63","targetHints":{"allow":["GET"]}}],"collection":[{"href":"https:\/\/sartvillers.be\/index.php\/wp-json\/wp\/v2\/pages"}],"about":[{"href":"https:\/\/sartvillers.be\/index.php\/wp-json\/wp\/v2\/types\/page"}],"author":[{"embeddable":true,"href":"https:\/\/sartvillers.be\/index.php\/wp-json\/wp\/v2\/users\/1"}],"replies":[{"embeddable":true,"href":"https:\/\/sartvillers.be\/index.php\/wp-json\/wp\/v2\/comments?post=63"}],"version-history":[{"count":5,"href":"https:\/\/sartvillers.be\/index.php\/wp-json\/wp\/v2\/pages\/63\/revisions"}],"predecessor-version":[{"id":359,"href":"https:\/\/sartvillers.be\/index.php\/wp-json\/wp\/v2\/pages\/63\/revisions\/359"}],"wp:attachment":[{"href":"https:\/\/sartvillers.be\/index.php\/wp-json\/wp\/v2\/media?parent=63"}],"curies":[{"name":"wp","href":"https:\/\/api.w.org\/{rel}","templated":true}]}}